{"id":20245,"date":"2019-06-12T13:09:50","date_gmt":"2019-06-12T20:09:50","guid":{"rendered":"http:\/\/fundaciongece.org\/?page_id=20245"},"modified":"2019-12-03T01:37:33","modified_gmt":"2019-12-03T09:37:33","slug":"about-us","status":"publish","type":"page","link":"https:\/\/fundaciongece.org\/es\/about-us\/","title":{"rendered":"Sobre nosotros"},"content":{"rendered":"<div class=\"fusion-fullwidth fullwidth-box fusion-builder-row-1 hundred-percent-fullwidth non-hundred-percent-height-scrolling fusion-equal-height-columns\" style=\"background-color: #ffffff;background-position: left top;background-repeat: no-repeat;padding-top:0px;padding-right:0px;padding-bottom:0px;padding-left:0px;margin-bottom: 0px;margin-top: 0px;border-width: 0px 0px 0px 0px;border-color:#eae9e9;border-style:solid;\" ><div class=\"fusion-builder-row fusion-row\"><div class=\"fusion-layout-column fusion_builder_column fusion-builder-column-0 fusion_builder_column_1_1 1_1 fusion-one-full fusion-column-first fusion-column-last\" style=\"margin-top:0px;margin-bottom:0px;\"><div class=\"fusion-column-wrapper fusion-flex-column-wrapper-legacy\" style=\"background-position:left top;background-repeat:no-repeat;-webkit-background-size:cover;-moz-background-size:cover;-o-background-size:cover;background-size:cover;padding: 90px 10% 80px 10%;\"><div class=\"fusion-text fusion-text-1\"><h2 style=\"text-align: center;\">Sobre nosostros<\/h2>\n<\/div><div class=\"fusion-text fusion-text-2\"><p style=\"text-align: center;\">Fundaci\u00f3n GECE es una plataforma que ofrece informaci\u00f3n veraz y certera a trav\u00e9s de conferencistas de prestigio.<\/p>\n<p style=\"text-align: center;\">Sabemos que a trav\u00e9s del estudio encontraremos la verdadera forma de operar en este mundo lleno de complejidades, por eso el objetivo de nuestra misi\u00f3n es brindar educaci\u00f3n, para as\u00ed crear individuos sabios, capaces e independientes.<\/p>\n<p style=\"text-align: center;\">Fundaci\u00f3n GECE espera contar con su apoyo para seguir persistiendo en esta misi\u00f3n de crecer no solo intelectualmente sino tambi\u00e9n espiritualmente.<\/p>\n<\/div><div class=\"fusion-clearfix\"><\/div><\/div><\/div><\/div><\/div>","protected":false},"excerpt":{"rendered":"","protected":false},"author":1,"featured_media":0,"parent":0,"menu_order":0,"comment_status":"closed","ping_status":"closed","template":"100-width.php","meta":[],"_links":{"self":[{"href":"https:\/\/fundaciongece.org\/es\/wp-json\/wp\/v2\/pages\/20245"}],"collection":[{"href":"https:\/\/fundaciongece.org\/es\/wp-json\/wp\/v2\/pages"}],"about":[{"href":"https:\/\/fundaciongece.org\/es\/wp-json\/wp\/v2\/types\/page"}],"author":[{"embeddable":true,"href":"https:\/\/fundaciongece.org\/es\/wp-json\/wp\/v2\/users\/1"}],"replies":[{"embeddable":true,"href":"https:\/\/fundaciongece.org\/es\/wp-json\/wp\/v2\/comments?post=20245"}],"version-history":[{"count":29,"href":"https:\/\/fundaciongece.org\/es\/wp-json\/wp\/v2\/pages\/20245\/revisions"}],"predecessor-version":[{"id":21087,"href":"https:\/\/fundaciongece.org\/es\/wp-json\/wp\/v2\/pages\/20245\/revisions\/21087"}],"wp:attachment":[{"href":"https:\/\/fundaciongece.org\/es\/wp-json\/wp\/v2\/media?parent=20245"}],"curies":[{"name":"wp","href":"https:\/\/api.w.org\/{rel}","templated":true}]}}