{"id":20438,"date":"2019-06-19T04:16:52","date_gmt":"2019-06-19T11:16:52","guid":{"rendered":"http:\/\/fundaciongece.org\/?post_type=product&#038;p=20438"},"modified":"2020-02-18T02:39:56","modified_gmt":"2020-02-18T10:39:56","slug":"session2","status":"publish","type":"product","link":"https:\/\/fundaciongece.org\/es\/producto\/session2\/","title":{"rendered":"Session 2"},"content":{"rendered":"<h3>Visi\u00f3n general<\/h3>\n<p>Lorem Ipsum es simplemente un texto de relleno de la industria de impresi\u00f3n y tipograf\u00eda. Lorem Ipsum ha sido el texto ficticio est\u00e1ndar de la industria desde la d\u00e9cada de 1500, cuando una impresora desconocida tom\u00f3 una galera de tipos y la mezcl\u00f3 para hacer un libro de muestras tipo. Ha sobrevivido no solo cinco siglos, sino tambi\u00e9n el salto a la tipograf\u00eda electr\u00f3nica, permaneciendo esencialmente sin cambios.<\/p>","protected":false},"excerpt":{"rendered":"<p>Overview Lorem Ipsum is simply dummy text of the printing and typesetting industry. Lorem Ipsum has been the industry\u2019s standard [&hellip;]<\/p>","protected":false},"featured_media":21005,"comment_status":"closed","ping_status":"closed","template":"","meta":[],"product_cat":[137],"product_tag":[],"_links":{"self":[{"href":"https:\/\/fundaciongece.org\/es\/wp-json\/wp\/v2\/product\/20438"}],"collection":[{"href":"https:\/\/fundaciongece.org\/es\/wp-json\/wp\/v2\/product"}],"about":[{"href":"https:\/\/fundaciongece.org\/es\/wp-json\/wp\/v2\/types\/product"}],"replies":[{"embeddable":true,"href":"https:\/\/fundaciongece.org\/es\/wp-json\/wp\/v2\/comments?post=20438"}],"wp:featuredmedia":[{"embeddable":true,"href":"https:\/\/fundaciongece.org\/es\/wp-json\/wp\/v2\/media\/21005"}],"wp:attachment":[{"href":"https:\/\/fundaciongece.org\/es\/wp-json\/wp\/v2\/media?parent=20438"}],"wp:term":[{"taxonomy":"product_cat","embeddable":true,"href":"https:\/\/fundaciongece.org\/es\/wp-json\/wp\/v2\/product_cat?post=20438"},{"taxonomy":"product_tag","embeddable":true,"href":"https:\/\/fundaciongece.org\/es\/wp-json\/wp\/v2\/product_tag?post=20438"}],"curies":[{"name":"wp","href":"https:\/\/api.w.org\/{rel}","templated":true}]}}